{"id":2,"date":"2019-10-03T12:24:44","date_gmt":"2019-10-03T10:24:44","guid":{"rendered":"https:\/\/develop.genium.click\/stem4her\/?page_id=2"},"modified":"2026-02-17T11:09:03","modified_gmt":"2026-02-17T10:09:03","slug":"inicio","status":"publish","type":"page","link":"https:\/\/dreamitstemit.com\/es\/","title":{"rendered":"Inicio"},"content":{"rendered":"\n<div style=\"height:100px\" aria-hidden=\"true\" class=\"wp-block-spacer desktop\"><\/div>\n\n\n\n<div class=\"wp-block-columns max-width-wide is-layout-flex wp-container-core-columns-is-layout-9d6595d7 wp-block-columns-is-layout-flex\">\n<div class=\"wp-block-column slider-wrapper is-layout-flow wp-block-column-is-layout-flow\" style=\"flex-basis:50%\">\n<figure class=\"wp-block-gallery has-nested-images columns-1 is-cropped wp-block-gallery-1 is-layout-flex wp-block-gallery-is-layout-flex\">\n<figure class=\"wp-block-image size-full\"><img loading=\"lazy\" decoding=\"async\" width=\"1200\" height=\"800\" data-id=\"74157\" src=\"https:\/\/dreamitstemit.com\/wp-content\/uploads\/2025\/02\/iqs-campana-2023-2024-075.jpg\" alt=\"\" class=\"wp-image-74157\" srcset=\"https:\/\/dreamitstemit.com\/wp-content\/uploads\/2025\/02\/iqs-campana-2023-2024-075.jpg 1200w, https:\/\/dreamitstemit.com\/wp-content\/uploads\/2025\/02\/iqs-campana-2023-2024-075-300x200.jpg 300w, https:\/\/dreamitstemit.com\/wp-content\/uploads\/2025\/02\/iqs-campana-2023-2024-075-1024x683.jpg 1024w, https:\/\/dreamitstemit.com\/wp-content\/uploads\/2025\/02\/iqs-campana-2023-2024-075-768x512.jpg 768w\" sizes=\"auto, (max-width: 1200px) 100vw, 1200px\" \/><\/figure>\n\n\n\n<figure class=\"wp-block-image size-full\"><img loading=\"lazy\" decoding=\"async\" width=\"1200\" height=\"800\" data-id=\"74163\" src=\"https:\/\/dreamitstemit.com\/wp-content\/uploads\/2025\/02\/iqs-campana-2023-2024-114.jpg\" alt=\"\" class=\"wp-image-74163\" srcset=\"https:\/\/dreamitstemit.com\/wp-content\/uploads\/2025\/02\/iqs-campana-2023-2024-114.jpg 1200w, https:\/\/dreamitstemit.com\/wp-content\/uploads\/2025\/02\/iqs-campana-2023-2024-114-300x200.jpg 300w, https:\/\/dreamitstemit.com\/wp-content\/uploads\/2025\/02\/iqs-campana-2023-2024-114-1024x683.jpg 1024w, https:\/\/dreamitstemit.com\/wp-content\/uploads\/2025\/02\/iqs-campana-2023-2024-114-768x512.jpg 768w\" sizes=\"auto, (max-width: 1200px) 100vw, 1200px\" \/><\/figure>\n\n\n\n<figure class=\"wp-block-image size-full\"><img loading=\"lazy\" decoding=\"async\" width=\"1200\" height=\"800\" data-id=\"74161\" src=\"https:\/\/dreamitstemit.com\/wp-content\/uploads\/2025\/02\/iqs-campana-2023-2024-120.jpg\" alt=\"\" class=\"wp-image-74161\" srcset=\"https:\/\/dreamitstemit.com\/wp-content\/uploads\/2025\/02\/iqs-campana-2023-2024-120.jpg 1200w, https:\/\/dreamitstemit.com\/wp-content\/uploads\/2025\/02\/iqs-campana-2023-2024-120-300x200.jpg 300w, https:\/\/dreamitstemit.com\/wp-content\/uploads\/2025\/02\/iqs-campana-2023-2024-120-1024x683.jpg 1024w, https:\/\/dreamitstemit.com\/wp-content\/uploads\/2025\/02\/iqs-campana-2023-2024-120-768x512.jpg 768w\" sizes=\"auto, (max-width: 1200px) 100vw, 1200px\" \/><\/figure>\n\n\n\n<figure class=\"wp-block-image size-full\"><img loading=\"lazy\" decoding=\"async\" width=\"1200\" height=\"800\" data-id=\"74159\" src=\"https:\/\/dreamitstemit.com\/wp-content\/uploads\/2025\/02\/iqs-campana-2023-2024-121.jpg\" alt=\"\" class=\"wp-image-74159\" srcset=\"https:\/\/dreamitstemit.com\/wp-content\/uploads\/2025\/02\/iqs-campana-2023-2024-121.jpg 1200w, https:\/\/dreamitstemit.com\/wp-content\/uploads\/2025\/02\/iqs-campana-2023-2024-121-300x200.jpg 300w, https:\/\/dreamitstemit.com\/wp-content\/uploads\/2025\/02\/iqs-campana-2023-2024-121-1024x683.jpg 1024w, https:\/\/dreamitstemit.com\/wp-content\/uploads\/2025\/02\/iqs-campana-2023-2024-121-768x512.jpg 768w\" sizes=\"auto, (max-width: 1200px) 100vw, 1200px\" \/><\/figure>\n\n\n\n<figure class=\"wp-block-image size-full\"><img loading=\"lazy\" decoding=\"async\" width=\"1200\" height=\"800\" data-id=\"74155\" src=\"https:\/\/dreamitstemit.com\/wp-content\/uploads\/2025\/02\/iqs-campana-2023-2024-123.jpg\" alt=\"\" class=\"wp-image-74155\" srcset=\"https:\/\/dreamitstemit.com\/wp-content\/uploads\/2025\/02\/iqs-campana-2023-2024-123.jpg 1200w, https:\/\/dreamitstemit.com\/wp-content\/uploads\/2025\/02\/iqs-campana-2023-2024-123-300x200.jpg 300w, https:\/\/dreamitstemit.com\/wp-content\/uploads\/2025\/02\/iqs-campana-2023-2024-123-1024x683.jpg 1024w, https:\/\/dreamitstemit.com\/wp-content\/uploads\/2025\/02\/iqs-campana-2023-2024-123-768x512.jpg 768w\" sizes=\"auto, (max-width: 1200px) 100vw, 1200px\" \/><\/figure>\n<\/figure>\n<\/div>\n\n\n\n<div class=\"wp-block-column is-layout-flow wp-block-column-is-layout-flow\" style=\"flex-basis:50%\">\n<div class=\"wp-block-group max-width-narrow\"><div class=\"wp-block-group__inner-container is-layout-constrained wp-block-group-is-layout-constrained\">\n<h2 class=\"wp-block-heading\"><mark style=\"background-color:rgba(0, 0, 0, 0);color:#cb3f86\" class=\"has-inline-color\">Dream it, STEM it<\/mark><\/h2>\n\n\n\n<p class=\"has-medium-font-size\">Este concurso est\u00e1 dirigido a j\u00f3venes aut\u00e9nticas y valientes, aquellas que sue\u00f1an con transformar el futuro y se atreven a desafiar los l\u00edmites con su talento, esfuerzo y creatividad.<\/p>\n\n\n\n<p>Desde la iniciativa&nbsp;<strong>STEM4her de IQS<\/strong>, queremos&nbsp;<strong>impulsar vocaciones STEM y dar visibilidad al gran potencial de las estudiantes actuales<\/strong>. Queremos conocer tus sue\u00f1os: los que imaginas, los que construyes, los que conviertes en acci\u00f3n o los que est\u00e1s lista para empezar.<\/p>\n\n\n\n<p>\u00bfSue\u00f1as con una ingenier\u00eda que resuelva grandes desaf\u00edos?<br>\u00bfCon una tecnolog\u00eda capaz de revolucionar industrias?<br>\u00bfCon una ciencia que redefina nuestra comprensi\u00f3n del universo?<br>\u00bfCon unas matem\u00e1ticas que revelen patrones esenciales para la vida?<\/p>\n\n\n\n<p>Este es tu momento. Mu\u00e9stranos c\u00f3mo el mundo STEM puede hacer realidad esos sue\u00f1os.<\/p>\n\n\n\n<p>Para participar,&nbsp;<strong>crea un v\u00eddeo donde expliques c\u00f3mo las STEM pueden transformar una idea en una soluci\u00f3n innovadora para el futuro.<\/strong><\/p>\n\n\n\n<p><strong>\u00a1Atr\u00e9vete a so\u00f1ar en grande y hazlo realidad!<\/strong><\/p>\n\n\n\n<p class=\"has-medium-font-size\"><\/p>\n\n\n\n<p class=\"has-medium-font-size\"><\/p>\n<\/div><\/div>\n<\/div>\n<\/div>\n\n\n\n<div class=\"wp-block-group max-width\"><div class=\"wp-block-group__inner-container is-layout-constrained wp-block-group-is-layout-constrained\">\n<div style=\"height:21px\" aria-hidden=\"true\" class=\"wp-block-spacer\"><\/div>\n\n\n\n<p class=\"has-text-align-center button-content desktop\"><a href=\"https:\/\/dreamitstemit.com\/es\/participa\/\" data-type=\"page\" data-id=\"5557\">Participa<\/a><\/p>\n\n\n\n<div style=\"height:21px\" aria-hidden=\"true\" class=\"wp-block-spacer\"><\/div>\n\n\n\n<div style=\"height:37px\" aria-hidden=\"true\" class=\"wp-block-spacer\"><\/div>\n\n\n\n<div class=\"wp-block-columns has-2-columns columnes-frase hide is-layout-flex wp-container-core-columns-is-layout-9d6595d7 wp-block-columns-is-layout-flex\">\n<div class=\"wp-block-column is-layout-flow wp-block-column-is-layout-flow\" style=\"flex-basis:75%\">\n<h4 class=\"wp-block-heading\"><strong>Env\u00eda tu v\u00eddeo sobre c\u00f3mo la qu\u00edmica ha mejorado un proceso o producto convirti\u00e9ndolo en m\u00e1s sostenible<\/strong>.<\/h4>\n\n\n\n<p>Concurso para alumnas de 4.\u00ba de ESO y 1.\u00ba y 2.\u00ba de Bachillerato.<\/p>\n<\/div>\n\n\n\n<div class=\"wp-block-column is-layout-flow wp-block-column-is-layout-flow\">\n<p class=\"button-content desktop has-small-font-size\"><a href=\"https:\/\/dreamitstemit.com\/participa\/\" data-type=\"page\" data-id=\"5557\">Participa<\/a><\/p>\n<\/div>\n<\/div>\n\n\n\n<h3 class=\"wp-block-heading has-text-color has-link-color wp-elements-5ec0f94c4bfc037ea53597a8db33036d\" style=\"color:#cb3f86\">BECAS Y PREMIOS A LOS MEJORES V\u00cdDEOS<\/h3>\n\n\n\n<div class=\"wp-block-columns has-4-columns columnes-home animate-when-visible ocult is-layout-flex wp-container-core-columns-is-layout-9d6595d7 wp-block-columns-is-layout-flex\">\n<div class=\"wp-block-column is-layout-flow wp-block-column-is-layout-flow\">\n<p class=\"premi-home\"><img loading=\"lazy\" decoding=\"async\" width=\"80\" height=\"75\" class=\"wp-image-74049\" style=\"width: 80px;\" src=\"https:\/\/dreamitstemit.com\/wp-content\/uploads\/2025\/02\/Group-17.png\" alt=\"\">1.\u00aa ganadora<\/p>\n\n\n\n<ul class=\"wp-block-list\">\n<li>Beca del 75%* para cursar el primer a\u00f1o del Grado en Ingenier\u00eda en Tecnolog\u00edas Industriales, Ingenier\u00eda Qu\u00edmica, Qu\u00edmica o Biotecnolog\u00eda (posibilidad de acogerse si cumple los requisitos a la beca a la excelencia o de ayuda familiar en los cursos siguientes).<\/li>\n\n\n\n<li>Inscripci\u00f3n gratuita al Summer Camp IQS**.<\/li>\n\n\n\n<li>Cheque Regalo*** FNAC por valor de 500\u20ac.<\/li>\n<\/ul>\n<\/div>\n\n\n\n<div class=\"wp-block-column is-layout-flow wp-block-column-is-layout-flow\">\n<p class=\"premi-home\"><img loading=\"lazy\" decoding=\"async\" width=\"80\" height=\"75\" class=\"wp-image-74051\" style=\"width: 80px;\" src=\"https:\/\/dreamitstemit.com\/wp-content\/uploads\/2025\/02\/Group-15.png\" alt=\"\"> 2.\u00aa y 3.\u00aa ganadora<\/p>\n\n\n\n<ul class=\"wp-block-list\">\n<li>Beca del 50%* para cursar el primer a\u00f1o del Grado en Ingenier\u00eda en Tecnolog\u00edas Industriales, Ingenier\u00eda Qu\u00edmica, Qu\u00edmica o Biotecnolog\u00eda (posibilidad de acogerse si cumple los requisitos a la beca a la excelencia o de ayuda familiar en los cursos siguientes).<\/li>\n\n\n\n<li>Inscripci\u00f3n gratuita al Summer Camp IQS**.<\/li>\n\n\n\n<li>Cheque Regalo*** FNAC por valor de 300\u20ac.<\/li>\n<\/ul>\n<\/div>\n<\/div>\n\n\n\n<h3 class=\"wp-block-heading has-text-color has-link-color wp-elements-bb682f9e0f24e8b1b47f3b4969e3dc52\" style=\"color:#cb3f86\">M\u00c1S PREMIOS<\/h3>\n\n\n\n<h3 class=\"wp-block-heading\">V\u00eddeo m\u00e1s votado por el p\u00fablico<\/h3>\n\n\n\n<p>La ganadora del v\u00eddeo m\u00e1s votado en la secci\u00f3n \u201cV\u00eddeos Participantes\u201d del concurso \u00abDream it, STEM it\u00bb ser\u00e1 premiada con un&nbsp;<strong>Cheque Regalo*** FNAC por valor de 300\u20ac<\/strong>.<\/p>\n\n\n\n<h3 class=\"wp-block-heading\">Centros y escuelas con mayor participaci\u00f3n<\/h3>\n\n\n\n<p>Los tres centros y escuelas con mayor participaci\u00f3n en el concurso, en funci\u00f3n del n\u00famero de v\u00eddeos presentados por sus alumnas, recibir\u00e1n un <strong>premio en met\u00e1lico<\/strong>. Este podr\u00e1 <strong>destinarse a la adquisici\u00f3n de equipamiento escolar<\/strong>, seg\u00fan lo determinen los propios centros. Para optar a este reconocimiento, cada instituci\u00f3n deber\u00e1 presentar un m\u00ednimo de siete v\u00eddeos.<\/p>\n\n\n\n<div class=\"wp-block-columns has-4-columns columnes-home animate-when-visible ocult is-layout-flex wp-container-core-columns-is-layout-9d6595d7 wp-block-columns-is-layout-flex\">\n<div class=\"wp-block-column is-layout-flow wp-block-column-is-layout-flow\">\n<p class=\"no-margin-top\" style=\"font-size:25px\"><strong><strong>1.<sup>er<\/sup> Premio<\/strong><\/strong><\/p>\n\n\n\n<p class=\"premi-home\"><img loading=\"lazy\" decoding=\"async\" width=\"80\" height=\"75\" class=\"wp-image-74054\" style=\"width: 80px;\" src=\"https:\/\/dreamitstemit.com\/wp-content\/uploads\/2025\/02\/Group-19.png\" alt=\"\"> 1.500\u20ac<\/p>\n\n\n\n<p>El centro o escuela con mayor participaci\u00f3n en la entrega de v\u00eddeos presentados por sus alumnas, recibir\u00e1 un premio de 1.500 \u20ac para la adquisici\u00f3n de equipamiento escolar, seg\u00fan lo determine la propia instituci\u00f3n. Para optar a este reconocimiento, deber\u00e1 presentar un m\u00ednimo de siete v\u00eddeos.<\/p>\n<\/div>\n\n\n\n<div class=\"wp-block-column is-layout-flow wp-block-column-is-layout-flow\">\n<p class=\"no-margin-top\" style=\"font-size:25px\"><strong><strong>2.\u00ba y 3.<sup>er<\/sup> Premio<\/strong><\/strong><\/p>\n\n\n\n<p class=\"premi-home\"><img loading=\"lazy\" decoding=\"async\" width=\"80\" height=\"75\" class=\"wp-image-74054\" style=\"width: 80px;\" src=\"https:\/\/dreamitstemit.com\/wp-content\/uploads\/2025\/02\/Group-19.png\" alt=\"\"> 1.000\u20ac<\/p>\n\n\n\n<p>Los centros y escuelas con la segunda y tercera mayor participaci\u00f3n en la entrega de v\u00eddeos presentados por sus alumnas, recibir\u00e1n un premio de 1.000 \u20ac cada uno para la adquisici\u00f3n de equipamiento escolar, seg\u00fan lo determine cada instituci\u00f3n. Para optar a este reconocimiento, deber\u00e1n presentar un m\u00ednimo de siete v\u00eddeos.<\/p>\n<\/div>\n<\/div>\n\n\n\n<h3 class=\"wp-block-heading\"><strong>Todas las participantes recibir\u00e1n un kit-regalo de IQS, que se entregar\u00e1 el mismo d\u00eda de la entrega de premios.<\/strong><br><br><strong>La entrega de premios tendr\u00e1 lugar a principios de junio de 2026, en la sede de IQS.<\/strong><\/h3>\n\n\n\n<p>* La ganadora tendr\u00e1 que realizar la preinscripci\u00f3n online, abonar los 125\u20ac en concepto de apertura y tramitaci\u00f3n de expediente, superar la prueba de admisi\u00f3n y ser admitida.<\/p>\n\n\n\n<p>** Sujeta a su realizaci\u00f3n.<\/p>\n\n\n\n<p>*** Este premio estar\u00e1 sujeto a las retenciones y pagos a cuenta legalmente establecidos en el momento de su entrega y no podr\u00e1n ser canjeados por su valor econ\u00f3mico ni cedidos a terceros.<\/p>\n\n\n\n<div style=\"height:40px\" aria-hidden=\"true\" class=\"wp-block-spacer\"><\/div>\n\n\n\n<p class=\"has-text-align-right\"><a href=\"https:\/\/dreamitstemit.com\/bases-y-premios\/\">Visita la p\u00e1gina de Bases y Premios<\/a><\/p>\n<\/div><\/div>\n\n\n\n<div style=\"height:30px\" aria-hidden=\"true\" class=\"wp-block-spacer\"><\/div>\n\n\n\n<div class=\"wp-block-columns max-width-blocks entries-wrapper home is-layout-flex wp-container-core-columns-is-layout-9d6595d7 wp-block-columns-is-layout-flex\">\n<div class=\"wp-block-column page-entry-wrapper is-layout-flow wp-block-column-is-layout-flow\">\n<a target=\"_blank\" href=\"https:\/\/iqs.edu\/es\/estudios\/grado-ingenieria-tecnologias-industriales\/\">\n\n\n\n<figure class=\"wp-block-image size-full\"><img loading=\"lazy\" decoding=\"async\" width=\"800\" height=\"684\" src=\"https:\/\/dreamitstemit.com\/wp-content\/uploads\/2025\/02\/tecnologia2.webp\" alt=\"\" class=\"wp-image-74152\" srcset=\"https:\/\/dreamitstemit.com\/wp-content\/uploads\/2025\/02\/tecnologia2.webp 800w, https:\/\/dreamitstemit.com\/wp-content\/uploads\/2025\/02\/tecnologia2-300x257.webp 300w, https:\/\/dreamitstemit.com\/wp-content\/uploads\/2025\/02\/tecnologia2-768x657.webp 768w\" sizes=\"auto, (max-width: 800px) 100vw, 800px\" \/><\/figure>\n\n\n\n<p class=\"title\">Grado en Ingenier\u00eda en Tecnolog\u00edas Industriales<\/p>\n\n\n\n<div class=\"wp-block-group accions\"><div class=\"wp-block-group__inner-container is-layout-constrained wp-block-group-is-layout-constrained\">\n<p class=\"mesinfo-button\">M\u00e1s informaci\u00f3n<\/p>\n<\/div><\/div>\n\n\n\n<\/a>\n<\/div>\n\n\n\n<div class=\"wp-block-column page-entry-wrapper is-layout-flow wp-block-column-is-layout-flow\">\n<a target=\"_blank\" href=\"https:\/\/iqs.edu\/es\/estudios\/grado-quimica\/\">\n\n\n\n<figure class=\"wp-block-image size-full\"><img loading=\"lazy\" decoding=\"async\" width=\"800\" height=\"684\" src=\"https:\/\/dreamitstemit.com\/wp-content\/uploads\/2025\/02\/quimica.webp\" alt=\"\" class=\"wp-image-74111\" srcset=\"https:\/\/dreamitstemit.com\/wp-content\/uploads\/2025\/02\/quimica.webp 800w, https:\/\/dreamitstemit.com\/wp-content\/uploads\/2025\/02\/quimica-300x257.webp 300w, https:\/\/dreamitstemit.com\/wp-content\/uploads\/2025\/02\/quimica-768x657.webp 768w\" sizes=\"auto, (max-width: 800px) 100vw, 800px\" \/><\/figure>\n\n\n\n<p class=\"title\">Grado en Qu\u00edmica<\/p>\n\n\n\n<div class=\"wp-block-group accions\"><div class=\"wp-block-group__inner-container is-layout-constrained wp-block-group-is-layout-constrained\">\n<p class=\"mesinfo-button\">M\u00e1s informaci\u00f3n<\/p>\n<\/div><\/div>\n\n\n\n<\/a>\n<\/div>\n\n\n\n<div class=\"wp-block-column page-entry-wrapper is-layout-flow wp-block-column-is-layout-flow\">\n<a target=\"_blank\" href=\"https:\/\/iqs.edu\/es\/estudios\/grado-ingenieria-quimica\/\">\n\n\n\n<figure class=\"wp-block-image size-full\"><img loading=\"lazy\" decoding=\"async\" width=\"800\" height=\"684\" src=\"https:\/\/dreamitstemit.com\/wp-content\/uploads\/2025\/02\/Ingenieria-Quimica.webp\" alt=\"\" class=\"wp-image-74108\" srcset=\"https:\/\/dreamitstemit.com\/wp-content\/uploads\/2025\/02\/Ingenieria-Quimica.webp 800w, https:\/\/dreamitstemit.com\/wp-content\/uploads\/2025\/02\/Ingenieria-Quimica-300x257.webp 300w, https:\/\/dreamitstemit.com\/wp-content\/uploads\/2025\/02\/Ingenieria-Quimica-768x657.webp 768w\" sizes=\"auto, (max-width: 800px) 100vw, 800px\" \/><\/figure>\n\n\n\n<p class=\"title\">Grado en Ingenier\u00eda Qu\u00edmica<\/p>\n\n\n\n<div class=\"wp-block-group accions\"><div class=\"wp-block-group__inner-container is-layout-constrained wp-block-group-is-layout-constrained\">\n<p class=\"mesinfo-button\">M\u00e1s informaci\u00f3n<\/p>\n<\/div><\/div>\n\n\n\n<\/a>\n<\/div>\n\n\n\n<div class=\"wp-block-column page-entry-wrapper is-layout-flow wp-block-column-is-layout-flow\">\n<a target=\"_blank\" href=\"https:\/\/iqs.edu\/es\/estudios\/grado-biotecnologia\/\">\n\n\n\n<figure class=\"wp-block-image size-full\"><img loading=\"lazy\" decoding=\"async\" width=\"800\" height=\"684\" src=\"https:\/\/dreamitstemit.com\/wp-content\/uploads\/2025\/02\/biotecnologia.webp\" alt=\"\" class=\"wp-image-74114\" srcset=\"https:\/\/dreamitstemit.com\/wp-content\/uploads\/2025\/02\/biotecnologia.webp 800w, https:\/\/dreamitstemit.com\/wp-content\/uploads\/2025\/02\/biotecnologia-300x257.webp 300w, https:\/\/dreamitstemit.com\/wp-content\/uploads\/2025\/02\/biotecnologia-768x657.webp 768w\" sizes=\"auto, (max-width: 800px) 100vw, 800px\" \/><\/figure>\n\n\n\n<p class=\"title\">Grado en Biotecnolog\u00eda<\/p>\n\n\n\n<div class=\"wp-block-group accions\"><div class=\"wp-block-group__inner-container is-layout-constrained wp-block-group-is-layout-constrained\">\n<p class=\"mesinfo-button\">M\u00e1s informaci\u00f3n<\/p>\n<\/div><\/div>\n\n\n\n<\/a>\n<\/div>\n<\/div>\n","protected":false},"excerpt":{"rendered":"<p>Dream it, STEM it Este concurso est\u00e1 dirigido a j\u00f3venes aut\u00e9nticas y valientes, aquellas que sue\u00f1an con transformar el futuro y se atreven a desafiar los l\u00edmites con su talento, esfuerzo y creatividad. Desde la iniciativa&nbsp;STEM4her de IQS, queremos&nbsp;impulsar vocaciones STEM y dar visibilidad al gran potencial de las estudiantes actuales. Queremos conocer tus sue\u00f1os: [&hellip;]<\/p>\n","protected":false},"author":1,"featured_media":0,"parent":0,"menu_order":0,"comment_status":"closed","ping_status":"closed","template":"template-inici.php","meta":{"inline_featured_image":false,"footnotes":""},"class_list":["post-2","page","type-page","status-publish","hentry"],"_links":{"self":[{"href":"https:\/\/dreamitstemit.com\/es\/wp-json\/wp\/v2\/pages\/2","targetHints":{"allow":["GET"]}}],"collection":[{"href":"https:\/\/dreamitstemit.com\/es\/wp-json\/wp\/v2\/pages"}],"about":[{"href":"https:\/\/dreamitstemit.com\/es\/wp-json\/wp\/v2\/types\/page"}],"author":[{"embeddable":true,"href":"https:\/\/dreamitstemit.com\/es\/wp-json\/wp\/v2\/users\/1"}],"replies":[{"embeddable":true,"href":"https:\/\/dreamitstemit.com\/es\/wp-json\/wp\/v2\/comments?post=2"}],"version-history":[{"count":41,"href":"https:\/\/dreamitstemit.com\/es\/wp-json\/wp\/v2\/pages\/2\/revisions"}],"predecessor-version":[{"id":77343,"href":"https:\/\/dreamitstemit.com\/es\/wp-json\/wp\/v2\/pages\/2\/revisions\/77343"}],"wp:attachment":[{"href":"https:\/\/dreamitstemit.com\/es\/wp-json\/wp\/v2\/media?parent=2"}],"curies":[{"name":"wp","href":"https:\/\/api.w.org\/{rel}","templated":true}]}}