{"id":3,"date":"2019-10-03T12:24:44","date_gmt":"2019-10-03T10:24:44","guid":{"rendered":"https:\/\/develop.genium.click\/stem4her\/?page_id=3"},"modified":"2025-02-19T18:22:33","modified_gmt":"2025-02-19T17:22:33","slug":"informacion-legal","status":"publish","type":"page","link":"https:\/\/dreamitstemit.com\/es\/informacion-legal\/","title":{"rendered":"Informaci\u00f3n legal"},"content":{"rendered":"\n<p>El titular de este web site es IQS, instituci\u00f3n perteneciente a la \nUniversidad Ramon Llull, con sede social en V\u00eda Augusta 390, 08017 \nBarcelona.<\/p>\n\n\n\n<p><strong>Objeto<\/strong><br> 1. IQS,  responsable del sitio web, pone a disposici\u00f3n de los usuarios el  presente documento con el que pretende dar cumplimiento a las  obligaciones dispuestas en la Ley 34\/2002, de Servicios de la Sociedad  de la Informaci\u00f3n y del Comercio Electr\u00f3nico (LSSI-CE), as\u00ed como  informar a todos los usuarios del sitio web respecto a cu\u00e1les son las  condiciones de uso del sitio web.<br> 2. Toda persona que acceda a este  sitio web asume el papel de usuario, comprometi\u00e9ndose a la observancia y  cumplimiento riguroso de las disposiciones aqu\u00ed dispuestas, as\u00ed como a  cualesquiera otra disposici\u00f3n legal que fuera de aplicaci\u00f3n. El acceso a  este sitio web es responsabilidad exclusiva de los usuarios. El simple  acceso a este sitio web no supone entablar ning\u00fan tipo de relaci\u00f3n de  car\u00e1cter comercial con el usuario. El acceso y navegaci\u00f3n en este sitio  web supone aceptar y conocer las advertencias legales, condiciones y  t\u00e9rminos de uso contenidas en ella.<\/p>\n\n\n\n<p><strong>Responsabilidad<\/strong><br>3. Este sitio web contiene informaci\u00f3n relativa al concurso \u00abDream it, STEM it\u00bb as\u00ed como informaci\u00f3n did\u00e1ctica sobre la qu\u00edmica como ciencia. IQS se exime de cualquier tipo de responsabilidad derivada de la informaci\u00f3n publicada en su sitio web, siempre que esta informaci\u00f3n haya sido manipulada o introducida por un tercero ajeno al mismo.<br>4. IQS se reserva el derecho a modificar cualquier tipo de informaci\u00f3n que pudiera aparecer en el sitio web, sin que exista obligaci\u00f3n de preavisar o poner en conocimiento de los usuarios dichas obligaciones, entendi\u00e9ndose como suficiente con la publicaci\u00f3n en el sitio web de IQS \u2013 Dream it, STEM it.<br>5. El sitio web de IQS utiliza cookies (peque\u00f1os archivos de informaci\u00f3n que el servidor env\u00eda al ordenador de quien accede a la p\u00e1gina) para llevar a cabo determinadas funciones que son consideradas imprescindibles para el correcto funcionamiento y visualizaci\u00f3n del sitio. Consulte nuestra\u00a0<a href=\"https:\/\/dreamitstemit.com\/politica-de-cookies\/\">pol\u00edtica de cookies<\/a>.<br>6. Desde el sitio web de Dream it, STEM it es posible que se redirija a contenidos de terceros sitios web. Dado que IQS no puede controlar siempre los contenidos introducidos por los terceros en sus sitios web, \u00e9ste no asume ning\u00fan tipo de responsabilidad respecto a dichos contenidos. En todo caso, IQS manifiesta que proceder\u00e1 a la retirada inmediata de cualquier contenido que pudiera contravenir la legislaci\u00f3n nacional o internacional, la moral o el orden p\u00fablico, procediendo a la retirada inmediata de la redirecci\u00f3n a dicho sitio web, poniendo en conocimiento de las autoridades competentes el contenido en cuesti\u00f3n.<br>7. La presencia de links en el web site de IQS, salvo manifestaci\u00f3n expresa en contrario, tiene una finalidad meramente informativa y en ning\u00fan caso supone sugerencia, invitaci\u00f3n o recomendaci\u00f3n sobre los mismos. Estos enlaces no representan ning\u00fan tipo de relaci\u00f3n entre IQS y los particulares o empresas titulares de los web site a los que puede accederse mediante estos enlaces.<br>8. IQS se reserva el derecho de retirar de modo unilateral y en cualquier momento los links que aparecen en su web site.<br>9. IQS no se hace responsable de la informaci\u00f3n y contenidos almacenados \u2013a t\u00edtulo enunciativo pero no limitativo\u2013, en foros, chat\u00b4s, generadores de blogs, comentarios, redes sociales o cualesquiera otro medio que permita a terceros publicar contenidos de forma independiente en la p\u00e1gina web \u201cDream it, STEM it\u201d de IQS. No obstante y en cumplimiento de lo dispuesto en el art. 11 y 16 de la LSSI-CE, IQS se pone a disposici\u00f3n de todos los usuarios, autoridades y fuerzas de seguridad, y colaborando de forma activa en la retirada o en su caso bloqueo de todos aquellos contenidos que pudieran afectar o contravenir la legislaci\u00f3n nacional, o internacional, derechos de terceros o la moral y el orden p\u00fablico. En caso de que el usuario considere que existe en el sitio web alg\u00fan contenido que pudiera ser susceptible de esta clasificaci\u00f3n, se ruega lo notifique de forma inmediata al administrador del sitio web.<br>10. Este sitio web ha sido revisado y probado para que funcione correctamente. En principio, puede garantizarse el correcto funcionamiento los 365 d\u00edas del a\u00f1o, 24 horas al d\u00eda. No obstante, IQS no descarta la posibilidad de que existan ciertos errores de programaci\u00f3n, o que acontezcan causas de fuerza mayor, cat\u00e1strofes naturales o circunstancias semejantes que hagan imposible el acceso a la p\u00e1gina web.<br>11. Este web site ha sido dise\u00f1ado para soportar los navegadores Explorer, Mozilla, Chrome y Safari. IQS no se hace responsable de los perjuicios de cualquier \u00edndole, que pudieran ocasionarse a los usuarios por la utilizaci\u00f3n de otros navegadores o versiones distintas de los navegadores para los que ha sido dise\u00f1ado el web site.<br>12. El acceso a este web site se realiza en un entorno no seguro, por lo que la informaci\u00f3n se transmite de forma no cifrada.<\/p>\n\n\n\n<p><strong>Protecci\u00f3n de datos personales<\/strong><br>13. En cumplimiento de la normativa espa\u00f1ola de protecci\u00f3n de datos de car\u00e1cter personal, IQS garantiza el cumplimiento \u00edntegro de las obligaciones dispuestas, as\u00ed como la implementaci\u00f3n de las medidas de seguridad dispuestas en el art. 9 de la Ley 15\/1999, de Protecci\u00f3n de Datos de Car\u00e1cter Personal (LOPD) y en el Reglamento de Desarrollo de la LOPD.<br>14. Cuando sean requeridos datos personales, el usuario los incorporar\u00e1 voluntariamente, y ser\u00e1 debidamente informado de las finalidades de la recabaci\u00f3n, as\u00ed como de la posibilidad de ejercer los derechos de acceso, rectificaci\u00f3n, cancelaci\u00f3n y oposici\u00f3n (derechos ARCO).Si usted quiere darse de baja de las comunicaciones comerciales por correo electr\u00f3nico comun\u00edquenoslo a trav\u00e9s de comunicacioniqs@iqs.edu con el asunto \u201cBAJA\u201d.<\/p>\n\n\n\n<p><strong>Propiedad Intelectual e industrial<\/strong><br>15. El sitio web, incluyendo a t\u00edtulo enunciativo pero no limitativo su programaci\u00f3n, edici\u00f3n, compilaci\u00f3n y dem\u00e1s elementos necesarios para su funcionamiento, los dise\u00f1os, logotipos, texto y\/o gr\u00e1ficos son propiedad de IQS o en su caso dispone de licencia o autorizaci\u00f3n expresa por parte de los autores. Todos los contenidos del sitio web se encuentran debidamente protegidos por la normativa de propiedad intelectual e industrial, as\u00ed como inscritos en los registros p\u00fablicos correspondientes.<br>16. Independientemente de la finalidad para la que fueran destinados, la reproducci\u00f3n total o parcial, uso, explotaci\u00f3n, distribuci\u00f3n y comercializaci\u00f3n, requiere en todo caso de la autorizaci\u00f3n escrita previa por parte de IQS. Cualquier uso no autorizado previamente por parte IQS ser\u00e1 considerado un incumplimiento grave de los derechos de propiedad intelectual o industrial del autor.<br>17. Los dise\u00f1os, logotipos, texto y\/o gr\u00e1ficos ajenos a IQS y que pudieran aparecer en el sitio web, pertenecen a sus respectivos propietarios, siendo ellos mismos responsables de cualquier posible controversia que pudiera suscitarse respecto a los mismos.<br> IQS reconoce a favor de sus titulares los correspondientes derechos de propiedad industrial e intelectual, no implicando su sola menci\u00f3n o aparici\u00f3n en el sitio web la existencia de derechos o responsabilidad alguna de IQS sobre los mismos, como tampoco respaldo, patrocinio o recomendaci\u00f3n por parte de IQS.<\/p>\n\n\n\n<p><strong>Ley Aplicable y Jurisdicci\u00f3n<\/strong><br>18. Los t\u00e9rminos y condiciones que rigen este sitio web y todas las relaciones que pudieran derivarse se encuentran salvaguardados por la legislaci\u00f3n espa\u00f1ola.<br>19. Cualquier controversia que pudiera derivarse del acceso o la utilizaci\u00f3n de este sitio web ser\u00e1 de competencia de los tribunales que correspondan seg\u00fan el fuero del usuario.<\/p>\n","protected":false},"excerpt":{"rendered":"<p>El titular de este web site es IQS, instituci\u00f3n perteneciente a la Universidad Ramon Llull, con sede social en V\u00eda Augusta 390, 08017 Barcelona. Objeto 1. IQS, responsable del sitio web, pone a disposici\u00f3n de los usuarios el presente documento con el que pretende dar cumplimiento a las obligaciones dispuestas en la Ley 34\/2002, de [&hellip;]<\/p>\n","protected":false},"author":1,"featured_media":0,"parent":0,"menu_order":0,"comment_status":"closed","ping_status":"open","template":"","meta":{"inline_featured_image":false,"footnotes":""},"class_list":["post-3","page","type-page","status-publish","hentry"],"_links":{"self":[{"href":"https:\/\/dreamitstemit.com\/es\/wp-json\/wp\/v2\/pages\/3","targetHints":{"allow":["GET"]}}],"collection":[{"href":"https:\/\/dreamitstemit.com\/es\/wp-json\/wp\/v2\/pages"}],"about":[{"href":"https:\/\/dreamitstemit.com\/es\/wp-json\/wp\/v2\/types\/page"}],"author":[{"embeddable":true,"href":"https:\/\/dreamitstemit.com\/es\/wp-json\/wp\/v2\/users\/1"}],"replies":[{"embeddable":true,"href":"https:\/\/dreamitstemit.com\/es\/wp-json\/wp\/v2\/comments?post=3"}],"version-history":[{"count":1,"href":"https:\/\/dreamitstemit.com\/es\/wp-json\/wp\/v2\/pages\/3\/revisions"}],"predecessor-version":[{"id":74229,"href":"https:\/\/dreamitstemit.com\/es\/wp-json\/wp\/v2\/pages\/3\/revisions\/74229"}],"wp:attachment":[{"href":"https:\/\/dreamitstemit.com\/es\/wp-json\/wp\/v2\/media?parent=3"}],"curies":[{"name":"wp","href":"https:\/\/api.w.org\/{rel}","templated":true}]}}