{"id":5557,"date":"2019-10-15T13:31:00","date_gmt":"2019-10-15T11:31:00","guid":{"rendered":"https:\/\/develop.genium.click\/stem4her\/?page_id=5557"},"modified":"2026-03-01T08:12:37","modified_gmt":"2026-03-01T07:12:37","slug":"participa","status":"publish","type":"page","link":"https:\/\/dreamitstemit.com\/es\/participa\/","title":{"rendered":"Participa"},"content":{"rendered":"\n<div style=\"height:60px\" aria-hidden=\"true\" class=\"wp-block-spacer\"><\/div>\n\n\n\n<p class=\"has-text-align-center text-explicacio\" style=\"font-size:25px\">Si eres una alumna de Bachillerato, de CFGS o de 4.\u00ba de ESO<strong>&nbsp;<\/strong>del sistema educativo de Espa\u00f1a; y de cursos equivalentes en sistemas educativos internacionales, como puede ser el Bachillerato Internacional (IB), y otras titulaciones impartidas en escuelas internacionales (tanto en territorio nacional como internacional), te animamos a participar en el concurso&nbsp;\u201cDream it, STEM it\u201d.<\/p>\n\n\n\n<p class=\"has-text-align-center text-explicacio\" style=\"font-size:25px\">Solo tienes que enviarnos un v\u00eddeo mostrando c\u00f3mo las STEM pueden convertir un sue\u00f1o en una soluci\u00f3n innovadora para el futuro. Puedes enviarnos tu v\u00eddeo del 1 de marzo al 3 de mayo de 2026. <br>Te lo explicamos en estos sencillos pasos:<\/p>\n\n\n\n<div class=\"wp-block-columns has-2-columns columnes-participa is-layout-flex wp-container-core-columns-is-layout-9d6595d7 wp-block-columns-is-layout-flex\">\n<div class=\"wp-block-column col1 is-layout-flow wp-block-column-is-layout-flow\">\n<h3 class=\"wp-block-heading\">Graba un v\u00eddeo<\/h3>\n\n\n\n<p>Plasma tu idea en un v\u00eddeo de entre 1 y 2 minutos de duraci\u00f3n y s\u00fabelo a tu canal de YouTube.<br><strong><a href=\"https:\/\/dreamitstemit.com\/es\/ediciones-anteriores\/\" data-type=\"page\" data-id=\"5539\">Aqu\u00ed puedes ver algunos ejemplos<\/a><\/strong>.<strong>&nbsp;<\/strong><\/p>\n<\/div>\n\n\n\n<div class=\"wp-block-column col2 is-layout-flow wp-block-column-is-layout-flow\">\n<h3 class=\"wp-block-heading\">Env\u00eda tu v\u00eddeo<\/h3>\n\n\n\n<p>Completa el formulario de inscripci\u00f3n al concurso y sube tu v\u00eddeo.<\/p>\n<\/div>\n<\/div>\n\n\n\n\n\n<p class=\"has-text-align-center button-content\"><a href=\"#wpcf7-f5910-p5557-o1\">Env\u00edanos tu v\u00eddeo<\/a><\/p>\n\n\n\n<div style=\"height:40px\" aria-hidden=\"true\" class=\"wp-block-spacer\"><\/div>\n\n\n\n\n\n<div class=\"wpcf7 no-js\" id=\"wpcf7-f5910-o1\" lang=\"es-ES\" dir=\"ltr\" data-wpcf7-id=\"5910\">\n<div class=\"screen-reader-response\"><p role=\"status\" aria-live=\"polite\" aria-atomic=\"true\"><\/p> <ul><\/ul><\/div>\n<form action=\"\/es\/wp-json\/wp\/v2\/pages\/5557#wpcf7-f5910-o1\" method=\"post\" class=\"wpcf7-form init\" aria-label=\"Formulario de contacto\" novalidate=\"novalidate\" data-status=\"init\">\n<fieldset class=\"hidden-fields-container\"><input type=\"hidden\" name=\"_wpcf7\" value=\"5910\" \/><input type=\"hidden\" name=\"_wpcf7_version\" value=\"6.1.5\" \/><input type=\"hidden\" name=\"_wpcf7_locale\" value=\"es_ES\" \/><input type=\"hidden\" name=\"_wpcf7_unit_tag\" value=\"wpcf7-f5910-o1\" \/><input type=\"hidden\" name=\"_wpcf7_container_post\" value=\"0\" \/><input type=\"hidden\" name=\"_wpcf7_posted_data_hash\" value=\"\" \/><input type=\"hidden\" name=\"_wpcf7_recaptcha_response\" value=\"\" \/>\n<\/fieldset>\n<h1>Rellena este formulario para participar\n<\/h1>\n<h2 class=\"subtitle\">Se publicar\u00e1 tu v\u00eddeo despu\u00e9s de revisarlo.\n<\/h2>\n<div class=\"flex-row\">\n\t<div class=\"col\">\n\t\t<p><label> Nombre* <span class=\"wpcf7-form-control-wrap\" data-name=\"participante-nombre\"><input size=\"40\" maxlength=\"400\" class=\"wpcf7-form-control wpcf7-text wpcf7-validates-as-required\" aria-required=\"true\" aria-invalid=\"false\" value=\"\" type=\"text\" name=\"participante-nombre\" \/><\/span> <\/label>\n\t\t<\/p>\n\t<\/div>\n\t<div class=\"col\">\n\t\t<p><label> Apellidos* <span class=\"wpcf7-form-control-wrap\" data-name=\"participante-apellidos\"><input size=\"40\" maxlength=\"400\" class=\"wpcf7-form-control wpcf7-text wpcf7-validates-as-required\" aria-required=\"true\" aria-invalid=\"false\" value=\"\" type=\"text\" name=\"participante-apellidos\" \/><\/span> <\/label>\n\t\t<\/p>\n\t<\/div>\n\t<div class=\"col\">\n\t\t<p><label> E-mail* <span class=\"descripcion\">Para notificaciones del concurso<\/span><span class=\"wpcf7-form-control-wrap\" data-name=\"participante-email\"><input size=\"40\" maxlength=\"400\" class=\"wpcf7-form-control wpcf7-email wpcf7-validates-as-required wpcf7-text wpcf7-validates-as-email\" aria-required=\"true\" aria-invalid=\"false\" value=\"\" type=\"email\" name=\"participante-email\" \/><\/span> <\/label>\n\t\t<\/p>\n\t<\/div>\n\t<div class=\"col\">\n\t\t<p><label> Curso* <span class=\"descripcion\">\u00bfEn qu\u00e9 curso est\u00e1s?<\/span><span class=\"wpcf7-form-control-wrap\" data-name=\"participante-curso\"><select class=\"wpcf7-form-control wpcf7-select wpcf7-validates-as-required\" aria-required=\"true\" aria-invalid=\"false\" name=\"participante-curso\"><option value=\"4\u00ba ESO\">4\u00ba ESO<\/option><option value=\"1\u00ba Bachillerato\">1\u00ba Bachillerato<\/option><option value=\"2\u00ba Bachillerato\">2\u00ba Bachillerato<\/option><option value=\"CFGS\">CFGS<\/option><\/select><\/span> <\/label>\n\t\t<\/p>\n\t<\/div>\n\t<div class=\"col\">\n\t\t<p><label> Tel\u00e9fono* <span class=\"descripcion\">Para notificaciones del concurso<\/span><span class=\"wpcf7-form-control-wrap\" data-name=\"participante-telefono\"><input size=\"40\" maxlength=\"400\" class=\"wpcf7-form-control wpcf7-text wpcf7-validates-as-required\" aria-required=\"true\" aria-invalid=\"false\" value=\"\" type=\"text\" name=\"participante-telefono\" \/><\/span><\/label>\n\t\t<\/p>\n\t<\/div>\n\t<div class=\"col\">\n\t\t<p><label> T\u00edtulo del v\u00eddeo* <span class=\"descripcion\">Debe coincidir con el t\u00edtulo en YouTube<\/span><span class=\"wpcf7-form-control-wrap\" data-name=\"video-titulo\"><input size=\"40\" maxlength=\"400\" class=\"wpcf7-form-control wpcf7-text wpcf7-validates-as-required\" aria-required=\"true\" aria-invalid=\"false\" value=\"\" type=\"text\" name=\"video-titulo\" \/><\/span><\/label>\n\t\t<\/p>\n\t<\/div>\n\t<div class=\"col\">\n\t\t<p><label> Nombre del tutor o tutora de tu curso <span class=\"descripcion\"><\/span><span class=\"wpcf7-form-control-wrap\" data-name=\"profesora-nombre\"><input size=\"40\" maxlength=\"400\" class=\"wpcf7-form-control wpcf7-text\" aria-invalid=\"false\" value=\"\" type=\"text\" name=\"profesora-nombre\" \/><\/span><\/label>\n\t\t<\/p>\n\t<\/div>\n\t<div class=\"col\">\n\t\t<p><label> Nombre del centro o escuela* <span class=\"descripcion\"><\/span><span class=\"wpcf7-form-control-wrap\" data-name=\"centro-nombre\"><input size=\"40\" maxlength=\"400\" class=\"wpcf7-form-control wpcf7-text wpcf7-validates-as-required\" aria-required=\"true\" aria-invalid=\"false\" value=\"\" type=\"text\" name=\"centro-nombre\" \/><\/span><\/label>\n\t\t<\/p>\n\t<\/div>\n\t<div class=\"col\">\n\t\t<p><label> Poblaci\u00f3n* <span class=\"descripcion\">En la que est\u00e1 el centro o escuela<\/span><span class=\"wpcf7-form-control-wrap\" data-name=\"poblacion-nombre\"><input size=\"40\" maxlength=\"400\" class=\"wpcf7-form-control wpcf7-text wpcf7-validates-as-required\" aria-required=\"true\" aria-invalid=\"false\" value=\"\" type=\"text\" name=\"poblacion-nombre\" \/><\/span><\/label>\n\t\t<\/p>\n\t<\/div>\n\t<div class=\"col\">\n\t\t<p><label> Provincia* <span class=\"descripcion\">En la que est\u00e1 el centro o escuela<\/span><span class=\"wpcf7-form-control-wrap\" data-name=\"poblacion-provincia\"><input size=\"40\" maxlength=\"400\" class=\"wpcf7-form-control wpcf7-text wpcf7-validates-as-required\" aria-required=\"true\" aria-invalid=\"false\" value=\"\" type=\"text\" name=\"poblacion-provincia\" \/><\/span><\/label>\n\t\t<\/p>\n\t<\/div>\n<\/div>\n<div class=\"flex-row\">\n\t<div class=\"col fullwidth\">\n\t\t<p><label> Enlace de tu v\u00eddeo* <span class=\"descripcion\">Escribe el enlace de YouTube de tu v\u00eddeo<\/span><span class=\"wpcf7-form-control-wrap\" data-name=\"video-url\"><input size=\"40\" maxlength=\"400\" class=\"wpcf7-form-control wpcf7-text wpcf7-validates-as-required\" aria-required=\"true\" aria-invalid=\"false\" value=\"\" type=\"text\" name=\"video-url\" \/><\/span><\/label>\n\t\t<\/p>\n\t<\/div>\n<\/div>\n<div class=\"flex-row\">\n\t<div class=\"col fullwidth\">\n\t\t<p><label> Breve explicaci\u00f3n del v\u00eddeo* <span class=\"descripcion\">Explica brevemente de qu\u00e9 trata tu v\u00eddeo <\/span><span class=\"wpcf7-form-control-wrap\" data-name=\"video-explicacion\"><textarea cols=\"40\" rows=\"10\" maxlength=\"2000\" class=\"wpcf7-form-control wpcf7-textarea wpcf7-validates-as-required\" aria-required=\"true\" aria-invalid=\"false\" name=\"video-explicacion\"><\/textarea><\/span><\/label>\n\t\t<\/p>\n\t<\/div>\n<\/div>\n<p class=\"terms-legals\"><br \/>\nAVISO LEGAL<br \/>\nLos datos de car\u00e1cter personal facilitados ser\u00e1n tratados de acuerdo con lo que dispone la Ley Org\u00e1nica 15\/ 1999 de protecci\u00f3n de datos de car\u00e1cter personal y el resto de normativa aplicable. Estos datos ser\u00e1n incorporados a un fichero con la finalidad de realizar la gesti\u00f3n de la participaci\u00f3n en el concurso \u201cDream it, STEM it\u201d. De acuerdo con la normativa mencionada, puede ejercer el derecho de acceso, rectificaci\u00f3n, cancelaci\u00f3n y oposici\u00f3n, mediante comunicaci\u00f3n escrita dirigida a la Secretar\u00eda General de IQS.\n<\/p>\n<p><p class=\"accept-politcy\"><span class=\"wpcf7-form-control-wrap acceptance-848\"><span class=\"wpcf7-form-control wpcf7-acceptance\"><span class=\"wpcf7-list-item\"><input type=\"checkbox\" name=\"acceptance-848\" value=\"1\" aria-invalid=\"false\"><\/span><\/span><\/span>Acepto la  <a rel=\"nofollow\" href=\"https:\/\/dreamitstemit.com\/es\/informacion-legal\/\" target=\"_blank\">Informaci\u00f3n legal<\/a> <\/p>\n<\/p>\n<p><input class=\"wpcf7-form-control wpcf7-submit has-spinner\" type=\"submit\" value=\"Enviar\" \/>\n<\/p><div class=\"wpcf7-response-output\" aria-hidden=\"true\"><\/div>\n<\/form>\n<\/div>\n\n","protected":false},"excerpt":{"rendered":"<p>Si eres una alumna de Bachillerato, de CFGS o de 4.\u00ba de ESO&nbsp;del sistema educativo de Espa\u00f1a; y de cursos equivalentes en sistemas educativos internacionales, como puede ser el Bachillerato Internacional (IB), y otras titulaciones impartidas en escuelas internacionales (tanto en territorio nacional como internacional), te animamos a participar en el concurso&nbsp;\u201cDream it, STEM it\u201d. [&hellip;]<\/p>\n","protected":false},"author":1,"featured_media":0,"parent":0,"menu_order":0,"comment_status":"closed","ping_status":"closed","template":"template-participa.php","meta":{"inline_featured_image":false,"footnotes":""},"class_list":["post-5557","page","type-page","status-publish","hentry"],"_links":{"self":[{"href":"https:\/\/dreamitstemit.com\/es\/wp-json\/wp\/v2\/pages\/5557","targetHints":{"allow":["GET"]}}],"collection":[{"href":"https:\/\/dreamitstemit.com\/es\/wp-json\/wp\/v2\/pages"}],"about":[{"href":"https:\/\/dreamitstemit.com\/es\/wp-json\/wp\/v2\/types\/page"}],"author":[{"embeddable":true,"href":"https:\/\/dreamitstemit.com\/es\/wp-json\/wp\/v2\/users\/1"}],"replies":[{"embeddable":true,"href":"https:\/\/dreamitstemit.com\/es\/wp-json\/wp\/v2\/comments?post=5557"}],"version-history":[{"count":23,"href":"https:\/\/dreamitstemit.com\/es\/wp-json\/wp\/v2\/pages\/5557\/revisions"}],"predecessor-version":[{"id":77403,"href":"https:\/\/dreamitstemit.com\/es\/wp-json\/wp\/v2\/pages\/5557\/revisions\/77403"}],"wp:attachment":[{"href":"https:\/\/dreamitstemit.com\/es\/wp-json\/wp\/v2\/media?parent=5557"}],"curies":[{"name":"wp","href":"https:\/\/api.w.org\/{rel}","templated":true}]}}