{"id":5574,"date":"2019-10-16T10:05:58","date_gmt":"2019-10-16T08:05:58","guid":{"rendered":"https:\/\/develop.genium.click\/stem4her\/?page_id=5574"},"modified":"2026-02-17T12:57:03","modified_gmt":"2026-02-17T11:57:03","slug":"bases-y-premios","status":"publish","type":"page","link":"https:\/\/dreamitstemit.com\/es\/bases-y-premios\/","title":{"rendered":"Bases y Premios"},"content":{"rendered":"\n<h2 class=\"wp-block-heading\">Bases del concurso<\/h2>\n\n\n\n<div class=\"wp-block-columns has-2-columns columnes-icones is-layout-flex wp-container-core-columns-is-layout-9d6595d7 wp-block-columns-is-layout-flex\">\n<div class=\"wp-block-column is-layout-flow wp-block-column-is-layout-flow\">\n<h4 class=\"wp-block-heading\"><img decoding=\"async\" class=\"wp-image-63568\" style=\"width: 0px;\" src=\"https:\/\/dreamitstemit.com\/wp-content\/uploads\/2024\/03\/1_Mail-2.svg\" alt=\"\"><img loading=\"lazy\" decoding=\"async\" width=\"133\" height=\"124\" class=\"wp-image-74065\" style=\"width: 133px;\" src=\"https:\/\/dreamitstemit.com\/wp-content\/uploads\/2025\/02\/Group-5.png\" alt=\"\"> Env\u00eda tu v\u00eddeo<\/h4>\n\n\n\n<p>Env\u00eda tu v\u00eddeo a trav\u00e9s del formulario que encontrar\u00e1s en la secci\u00f3n \u00abParticipa\u00bb.<\/p>\n<\/div>\n\n\n\n<div class=\"wp-block-column is-layout-flow wp-block-column-is-layout-flow\">\n<h4 class=\"wp-block-heading\"><img decoding=\"async\" class=\"wp-image-63522\" style=\"width: 0px;\" src=\"https:\/\/dreamitstemit.com\/wp-content\/uploads\/2024\/03\/2_Video.svg\" alt=\"\"><img loading=\"lazy\" decoding=\"async\" width=\"133\" height=\"124\" class=\"wp-image-74067\" style=\"width: 133px;\" src=\"https:\/\/dreamitstemit.com\/wp-content\/uploads\/2025\/02\/Group-6.png\" alt=\"\"> Tema<\/h4>\n\n\n\n<p>El v\u00eddeo debe mostrar c\u00f3mo las STEM pueden convertir un sue\u00f1o en una soluci\u00f3n innovadora para el futuro.<\/p>\n<\/div>\n<\/div>\n\n\n\n<div class=\"wp-block-columns has-2-columns columnes-icones is-layout-flex wp-container-core-columns-is-layout-9d6595d7 wp-block-columns-is-layout-flex\">\n<div class=\"wp-block-column is-layout-flow wp-block-column-is-layout-flow\">\n<h4 class=\"wp-block-heading\"><img decoding=\"async\" class=\"wp-image-63518\" style=\"width: 0px;\" src=\"https:\/\/dreamitstemit.com\/wp-content\/uploads\/2024\/03\/3_Rellotge.svg\" alt=\"\"><img loading=\"lazy\" decoding=\"async\" width=\"133\" height=\"124\" class=\"wp-image-74069\" style=\"width: 133px;\" src=\"https:\/\/dreamitstemit.com\/wp-content\/uploads\/2025\/02\/Group-7.png\" alt=\"\"> Duraci\u00f3n<\/h4>\n\n\n\n<p>Duraci\u00f3n del v\u00eddeo: entre 1 y 2 minutos.<\/p>\n<\/div>\n\n\n\n<div class=\"wp-block-column is-layout-flow wp-block-column-is-layout-flow\">\n<h4 class=\"wp-block-heading\"><img loading=\"lazy\" decoding=\"async\" width=\"133\" height=\"124\" class=\"wp-image-74145\" style=\"width: 133px;\" src=\"https:\/\/dreamitstemit.com\/wp-content\/uploads\/2025\/02\/language.png\" alt=\"\"> Idioma<\/h4>\n\n\n\n<p>El v\u00eddeo debe realizarse en catal\u00e1n, castellano o ingl\u00e9s.<\/p>\n<\/div>\n<\/div>\n\n\n\n<div class=\"wp-block-columns has-2-columns columnes-icones is-layout-flex wp-container-core-columns-is-layout-9d6595d7 wp-block-columns-is-layout-flex\">\n<div class=\"wp-block-column is-layout-flow wp-block-column-is-layout-flow\">\n<h4 class=\"wp-block-heading\"><img loading=\"lazy\" decoding=\"async\" width=\"133\" height=\"124\" class=\"wp-image-74071\" style=\"width: 133px;\" src=\"https:\/\/dreamitstemit.com\/wp-content\/uploads\/2025\/02\/Group-8.png\" alt=\"\">Autor\u00eda<\/h4>\n\n\n\n<p>Los v\u00eddeos deben estar elaborados con material audiovisual propio. Podr\u00e1 utilizarse material de terceros \u00fanicamente si se cuenta con la cesi\u00f3n expresa de los derechos de propiedad intelectual, incluyendo los de reproducci\u00f3n y distribuci\u00f3n.<\/p>\n<\/div>\n\n\n\n<div class=\"wp-block-column is-layout-flow wp-block-column-is-layout-flow\">\n<h4 class=\"wp-block-heading\"><img loading=\"lazy\" decoding=\"async\" width=\"133\" height=\"124\" class=\"wp-image-74073\" style=\"width: 133px;\" src=\"https:\/\/dreamitstemit.com\/wp-content\/uploads\/2025\/02\/Group-2.png\" alt=\"\"> Participaci\u00f3n<\/h4>\n\n\n\n<p>Fechas de participaci\u00f3n del 1 de marzo al 3 de mayo de 2026.<\/p>\n<\/div>\n<\/div>\n\n\n\n<div class=\"wp-block-columns has-2-columns columnes-icones is-layout-flex wp-container-core-columns-is-layout-9d6595d7 wp-block-columns-is-layout-flex\">\n<div class=\"wp-block-column is-layout-flow wp-block-column-is-layout-flow\">\n<h4 class=\"wp-block-heading\"><img loading=\"lazy\" decoding=\"async\" width=\"133\" height=\"124\" class=\"wp-image-74075\" style=\"width: 133px;\" src=\"https:\/\/dreamitstemit.com\/wp-content\/uploads\/2025\/02\/Group-10.png\" alt=\"\"> Tu canal<\/h4>\n\n\n\n<p>Para participar, deber\u00e1s subir el v\u00eddeo a tu propio canal de YouTube.<\/p>\n<\/div>\n\n\n\n<div class=\"wp-block-column is-layout-flow wp-block-column-is-layout-flow\">\n<h4 class=\"wp-block-heading\"><img loading=\"lazy\" decoding=\"async\" width=\"133\" height=\"124\" class=\"wp-image-74077\" style=\"width: 133px;\" src=\"https:\/\/dreamitstemit.com\/wp-content\/uploads\/2025\/02\/Group-11.png\" alt=\"\"> YouTube<\/h4>\n\n\n\n<p>Visualizaci\u00f3n de los v\u00eddeos aceptados en la web del concurso y en el canal \u201cDream it, STEM it\u201d de Youtube.<\/p>\n<\/div>\n<\/div>\n\n\n\n<div class=\"wp-block-columns has-2-columns columnes-icones is-layout-flex wp-container-core-columns-is-layout-9d6595d7 wp-block-columns-is-layout-flex\">\n<div class=\"wp-block-column is-layout-flow wp-block-column-is-layout-flow\">\n<h4 class=\"wp-block-heading\"><img loading=\"lazy\" decoding=\"async\" width=\"133\" height=\"124\" class=\"wp-image-74079\" style=\"width: 133px;\" src=\"https:\/\/dreamitstemit.com\/wp-content\/uploads\/2025\/02\/Group-12.png\" alt=\"\"> Finalizaci\u00f3n<\/h4>\n\n\n\n<p>El periodo de votaciones p\u00fablicas finaliza el 10 de mayo de 2026.<\/p>\n<\/div>\n\n\n\n<div class=\"wp-block-column is-layout-flow wp-block-column-is-layout-flow\">\n<h4 class=\"wp-block-heading\"><img loading=\"lazy\" decoding=\"async\" width=\"133\" height=\"124\" class=\"wp-image-74082\" style=\"width: 133px;\" src=\"https:\/\/dreamitstemit.com\/wp-content\/uploads\/2025\/02\/Group-13.png\" alt=\"\"> Votaciones<\/h4>\n\n\n\n<p>Se escoger\u00e1n 4 v\u00eddeos ganadores: 1 por votaci\u00f3n popular en el apartado \u00abV\u00eddeos Participantes\u00bb de esta web y 3 por decisi\u00f3n del jurado.<\/p>\n<\/div>\n<\/div>\n\n\n\n<div class=\"wp-block-columns has-2-columns columnes-icones is-layout-flex wp-container-core-columns-is-layout-9d6595d7 wp-block-columns-is-layout-flex\">\n<div class=\"wp-block-column is-layout-flow wp-block-column-is-layout-flow\">\n<h4 class=\"wp-block-heading\"><img loading=\"lazy\" decoding=\"async\" width=\"133\" height=\"124\" class=\"wp-image-74084\" style=\"width: 133px;\" src=\"https:\/\/dreamitstemit.com\/wp-content\/uploads\/2025\/02\/Group-14.png\" alt=\"\"> Ganadoras<\/h4>\n\n\n\n<p>A principios de junio de 2026 se publicar\u00e1n las ganadoras en la web, una vez celebrada la entrega de premios.<\/p>\n<\/div>\n\n\n\n<div class=\"wp-block-column is-layout-flow wp-block-column-is-layout-flow\">\n<h4 class=\"wp-block-heading\"><img loading=\"lazy\" decoding=\"async\" width=\"133\" height=\"124\" class=\"wp-image-74086\" style=\"width: 133px;\" src=\"https:\/\/dreamitstemit.com\/wp-content\/uploads\/2025\/02\/Group-15-1.png\" alt=\"\"> Premios<\/h4>\n\n\n\n<p>Consulta los premios que puedes ganar en esta misma p\u00e1gina, m\u00e1s abajo. La entrega de premios se har\u00e1 a principios de junio.<\/p>\n<\/div>\n<\/div>\n\n\n\n<div style=\"height:50px\" aria-hidden=\"true\" class=\"wp-block-spacer\"><\/div>\n\n\n\n<p class=\"has-text-align-center button-content\"><a href=\"https:\/\/dreamitstemit.com\/wp-content\/uploads\/2026\/02\/DISI-CAST-Bases-concurso-2026-2.pdf\" data-type=\"attachment\" data-id=\"77365\" target=\"_blank\" rel=\"noreferrer noopener\">Descarga las bases<\/a><\/p>\n\n\n\n<div style=\"height:50px\" aria-hidden=\"true\" class=\"wp-block-spacer\"><\/div>\n\n\n\n<h2 class=\"wp-block-heading\">Premios del Jurado<\/h2>\n\n\n\n<h3 class=\"wp-block-heading has-text-color has-link-color wp-elements-5ec0f94c4bfc037ea53597a8db33036d\" style=\"color:#cb3f86\">BECAS Y PREMIOS A LOS MEJORES V\u00cdDEOS<\/h3>\n\n\n\n<div class=\"wp-block-columns has-4-columns columnes-home animate-when-visible ocult is-layout-flex wp-container-core-columns-is-layout-9d6595d7 wp-block-columns-is-layout-flex\">\n<div class=\"wp-block-column is-layout-flow wp-block-column-is-layout-flow\">\n<p class=\"premi-home\"><img loading=\"lazy\" decoding=\"async\" width=\"80\" height=\"75\" class=\"wp-image-74049\" style=\"width: 80px;\" src=\"https:\/\/dreamitstemit.com\/wp-content\/uploads\/2025\/02\/Group-17.png\" alt=\"\">1.\u00aa ganadora<\/p>\n\n\n\n<ul class=\"wp-block-list\">\n<li>Beca del 75%* para cursar el primer a\u00f1o del Grado en Ingenier\u00eda en Tecnolog\u00edas Industriales, Ingenier\u00eda Qu\u00edmica, Qu\u00edmica o Biotecnolog\u00eda (posibilidad de acogerse si cumple los requisitos a la beca a la excelencia o de ayuda familiar en los cursos siguientes).<\/li>\n\n\n\n<li>Inscripci\u00f3n gratuita al Summer Camp IQS**.<\/li>\n\n\n\n<li>Cheque Regalo*** FNAC por valor de 500\u20ac.<\/li>\n<\/ul>\n<\/div>\n\n\n\n<div class=\"wp-block-column is-layout-flow wp-block-column-is-layout-flow\">\n<p class=\"premi-home\"><img loading=\"lazy\" decoding=\"async\" width=\"80\" height=\"75\" class=\"wp-image-74051\" style=\"width: 80px;\" src=\"https:\/\/dreamitstemit.com\/wp-content\/uploads\/2025\/02\/Group-15.png\" alt=\"\"> 2.\u00aa y 3.\u00aa ganadora<\/p>\n\n\n\n<ul class=\"wp-block-list\">\n<li>Beca del 50%* para cursar el primer a\u00f1o del Grado en Ingenier\u00eda en Tecnolog\u00edas Industriales, Ingenier\u00eda Qu\u00edmica, Qu\u00edmica o Biotecnolog\u00eda (posibilidad de acogerse si cumple los requisitos a la beca a la excelencia o de ayuda familiar en los cursos siguientes).<\/li>\n\n\n\n<li>Inscripci\u00f3n gratuita al Summer Camp IQS**.<\/li>\n\n\n\n<li>Cheque Regalo*** FNAC por valor de 300\u20ac.<\/li>\n<\/ul>\n<\/div>\n<\/div>\n\n\n\n<h3 class=\"wp-block-heading has-text-color has-link-color wp-elements-bb682f9e0f24e8b1b47f3b4969e3dc52\" style=\"color:#cb3f86\">M\u00c1S PREMIOS<\/h3>\n\n\n\n<h3 class=\"wp-block-heading\">V\u00eddeo m\u00e1s votado por el p\u00fablico<\/h3>\n\n\n\n<p>La ganadora del v\u00eddeo m\u00e1s votado en la secci\u00f3n \u201cV\u00eddeos Participantes\u201d del concurso \u00abDream it, STEM it\u00bb ser\u00e1 premiada con un&nbsp;<strong>Cheque Regalo*** FNAC por valor de 300\u20ac<\/strong>.<\/p>\n\n\n\n<h3 class=\"wp-block-heading\">Centros y escuelas con mayor participaci\u00f3n<\/h3>\n\n\n\n<p>Los tres centros y escuelas con mayor participaci\u00f3n en el concurso, en funci\u00f3n del n\u00famero de v\u00eddeos presentados por sus alumnas, recibir\u00e1n un <strong>premio en met\u00e1lico<\/strong>. Este podr\u00e1 <strong>destinarse a la adquisici\u00f3n de equipamiento escolar<\/strong>, seg\u00fan lo determinen los propios centros. Para optar a este reconocimiento, cada instituci\u00f3n deber\u00e1 presentar un m\u00ednimo de siete v\u00eddeos.<\/p>\n\n\n\n<div class=\"wp-block-columns has-4-columns columnes-home animate-when-visible ocult is-layout-flex wp-container-core-columns-is-layout-9d6595d7 wp-block-columns-is-layout-flex\">\n<div class=\"wp-block-column is-layout-flow wp-block-column-is-layout-flow\">\n<p class=\"no-margin-top\" style=\"font-size:25px\"><strong><strong>1.<sup>er<\/sup> Premio<\/strong><\/strong><\/p>\n\n\n\n<p class=\"premi-home\"><img loading=\"lazy\" decoding=\"async\" width=\"80\" height=\"75\" class=\"wp-image-74054\" style=\"width: 80px;\" src=\"https:\/\/dreamitstemit.com\/wp-content\/uploads\/2025\/02\/Group-19.png\" alt=\"\"> 1.500\u20ac<\/p>\n\n\n\n<p>El centro o escuela con mayor participaci\u00f3n en la entrega de v\u00eddeos presentados por sus alumnas, recibir\u00e1 un premio de 1.500 \u20ac para la adquisici\u00f3n de equipamiento escolar, seg\u00fan lo determine la propia instituci\u00f3n. Para optar a este reconocimiento, deber\u00e1 presentar un m\u00ednimo de siete v\u00eddeos.<\/p>\n<\/div>\n\n\n\n<div class=\"wp-block-column is-layout-flow wp-block-column-is-layout-flow\">\n<p class=\"no-margin-top\" style=\"font-size:25px\"><strong><strong>2.\u00ba y 3.<sup>er<\/sup> Premio<\/strong><\/strong><\/p>\n\n\n\n<p class=\"premi-home\"><img loading=\"lazy\" decoding=\"async\" width=\"80\" height=\"75\" class=\"wp-image-74054\" style=\"width: 80px;\" src=\"https:\/\/dreamitstemit.com\/wp-content\/uploads\/2025\/02\/Group-19.png\" alt=\"\"> 1.000\u20ac<\/p>\n\n\n\n<p>Los centros y escuelas con la segunda y tercera mayor participaci\u00f3n en la entrega de v\u00eddeos presentados por sus alumnas, recibir\u00e1n un premio de 1.000 \u20ac cada uno para la adquisici\u00f3n de equipamiento escolar, seg\u00fan lo determine cada instituci\u00f3n. Para optar a este reconocimiento, deber\u00e1n presentar un m\u00ednimo de siete v\u00eddeos.<\/p>\n<\/div>\n<\/div>\n\n\n\n<h3 class=\"wp-block-heading\"><strong>Todas las participantes recibir\u00e1n un kit-regalo de IQS, que se entregar\u00e1 el mismo d\u00eda de la entrega de premios.<\/strong><br><br><strong>La entrega de premios tendr\u00e1 lugar a principios de junio de 2026, en la sede de IQS.<\/strong><\/h3>\n\n\n\n<p>* La ganadora tendr\u00e1 que realizar la preinscripci\u00f3n online, abonar los 125\u20ac en concepto de apertura y tramitaci\u00f3n de expediente, superar la prueba de admisi\u00f3n y ser admitida.<\/p>\n\n\n\n<p>** Sujeta a su realizaci\u00f3n.<\/p>\n\n\n\n<p>*** Este premio estar\u00e1 sujeto a las retenciones y pagos a cuenta legalmente establecidos en el momento de su entrega y no podr\u00e1n ser canjeados por su valor econ\u00f3mico ni cedidos a terceros.<\/p>\n\n\n\n<h2 class=\"wp-block-heading\">Jurado<\/h2>\n\n\n\n<p>Un Jurado compuesto por mujeres profesionales del sector STEM y profesorado de IQS ser\u00e1 el encargado de seleccionar a la persona ganadora.<\/p>\n\n\n\n<p>Los criterios que valorar\u00e1n son:<\/p>\n\n\n\n<ul class=\"wp-block-list\">\n<li>Fundamentos y rigor acad\u00e9mico<\/li>\n\n\n\n<li>Impacto social y aplicabilidad<\/li>\n\n\n\n<li>Claridad y cohesi\u00f3n del mensaje<\/li>\n\n\n\n<li>Concordancia con la tem\u00e1tica<\/li>\n\n\n\n<li>Originalidad y creatividad<\/li>\n\n\n\n<li>Habilidad comunicativa y divulgativa<\/li>\n<\/ul>\n\n\n\n<p>El Jurado deliberar\u00e1 sobre las ganadoras a finales de mayo de 2026 y anunciar\u00e1 sus nombres el d\u00eda de la entrega de premios, a principios de junio de 2026.<\/p>\n\n\n\n<p>El Jurado se reserva el derecho de declarar el premio desierto si la calidad del material presentado no cumple con los criterios establecidos.<\/p>\n\n\n\n<p><\/p>\n","protected":false},"excerpt":{"rendered":"<p>Bases del concurso Env\u00eda tu v\u00eddeo Env\u00eda tu v\u00eddeo a trav\u00e9s del formulario que encontrar\u00e1s en la secci\u00f3n \u00abParticipa\u00bb. Tema El v\u00eddeo debe mostrar c\u00f3mo las STEM pueden convertir un sue\u00f1o en una soluci\u00f3n innovadora para el futuro. Duraci\u00f3n Duraci\u00f3n del v\u00eddeo: entre 1 y 2 minutos. Idioma El v\u00eddeo debe realizarse en catal\u00e1n, castellano [&hellip;]<\/p>\n","protected":false},"author":1,"featured_media":0,"parent":0,"menu_order":0,"comment_status":"closed","ping_status":"closed","template":"template-basespremios.php","meta":{"inline_featured_image":false,"footnotes":""},"class_list":["post-5574","page","type-page","status-publish","hentry"],"_links":{"self":[{"href":"https:\/\/dreamitstemit.com\/es\/wp-json\/wp\/v2\/pages\/5574","targetHints":{"allow":["GET"]}}],"collection":[{"href":"https:\/\/dreamitstemit.com\/es\/wp-json\/wp\/v2\/pages"}],"about":[{"href":"https:\/\/dreamitstemit.com\/es\/wp-json\/wp\/v2\/types\/page"}],"author":[{"embeddable":true,"href":"https:\/\/dreamitstemit.com\/es\/wp-json\/wp\/v2\/users\/1"}],"replies":[{"embeddable":true,"href":"https:\/\/dreamitstemit.com\/es\/wp-json\/wp\/v2\/comments?post=5574"}],"version-history":[{"count":46,"href":"https:\/\/dreamitstemit.com\/es\/wp-json\/wp\/v2\/pages\/5574\/revisions"}],"predecessor-version":[{"id":77371,"href":"https:\/\/dreamitstemit.com\/es\/wp-json\/wp\/v2\/pages\/5574\/revisions\/77371"}],"wp:attachment":[{"href":"https:\/\/dreamitstemit.com\/es\/wp-json\/wp\/v2\/media?parent=5574"}],"curies":[{"name":"wp","href":"https:\/\/api.w.org\/{rel}","templated":true}]}}