{"id":5773,"date":"2019-10-22T08:59:33","date_gmt":"2019-10-22T06:59:33","guid":{"rendered":"https:\/\/develop.genium.click\/stem4her\/?page_id=5773"},"modified":"2025-02-19T18:23:21","modified_gmt":"2025-02-19T17:23:21","slug":"politica-de-cookies","status":"publish","type":"page","link":"https:\/\/dreamitstemit.com\/es\/politica-de-cookies\/","title":{"rendered":"Pol\u00edtica de cookies"},"content":{"rendered":"\n<p>En IQS utilizamos cookies de anal\u00edtica web para medir y analizar la navegaci\u00f3n de los usuarios en nuestra p\u00e1gina web.<\/p>\n\n\n\n<p>Las cookies son peque\u00f1os archivos que se pueden instalar en los equipos inform\u00e1ticos a trav\u00e9s de las p\u00e1ginas web.<\/p>\n\n\n\n<p>Las\n cookies de anal\u00edtica son aqu\u00e9llas que, bien tratadas por IQS o por \nterceros, tienen la finalidad de cuantificar el n\u00famero de visitantes y \nanalizar estad\u00edsticamente la utilizaci\u00f3n que hacen los usuarios de \nnuestros servicios. Gracias a ello podemos estudiar la navegaci\u00f3n por \nnuestra p\u00e1gina web, y mejorar as\u00ed la tem\u00e1tica de la web, los productos o\n servicios que te ofrecemos.<\/p>\n\n\n\n<p>A trav\u00e9s de la anal\u00edtica web no \nobtenemos informaci\u00f3n sobre el nombre, apellidos o direcci\u00f3n de correo \nelectr\u00f3nico o postal de los usuarios. La informaci\u00f3n que obtenemos es la\n relativa al n\u00famero de usuarios que acceden a la web, el n\u00famero de \np\u00e1ginas vistas, la frecuencia y repetici\u00f3n de las visitas, su duraci\u00f3n, \nel navegador utilizado, el operador que presta el servicio, el idioma, \nel terminal utilizado o la ciudad a la que est\u00e1 asignada la direcci\u00f3n IP\n del usuario.<\/p>\n\n\n\n<p>En la p\u00e1gina web \u201cDream it, STEM it\u201d de IQS utilizamos\u00a0Google Analytics,\u00a0un servicio de anal\u00edtica web desarrollado por Google, que presta un servicio de medici\u00f3n y an\u00e1lisis de la navegaci\u00f3n en nuestra p\u00e1gina web. Google puede utilizar los datos para mejorar sus servicios y ofrecer servicios a otras empresas.<\/p>\n\n\n\n<p>Puedes encontrar m\u00e1s informaci\u00f3n al respecto e inhabilitar el uso de estas cookies&nbsp;<a href=\"http:\/\/www.google.es\/intl\/es_ALL\/analytics\/index.html\" target=\"_blank\" rel=\"noreferrer noopener\">aqu\u00ed<\/a>.<\/p>\n\n\n\n<p>Adem\u00e1s,\n puedes gestionar el uso de cookies a trav\u00e9s del navegador instalado en \ntu ordenador. En los enlaces que encontrar\u00e1s a continuaci\u00f3n puedes saber\n m\u00e1s sobre qu\u00e9 cookies tienes instaladas, permitir su instalaci\u00f3n, \nbloquearlas o eliminarlas de tu equipo. Dependiendo de qu\u00e9 navegador \nutilices, puedes seguir alguno de los siguientes enlaces:<\/p>\n\n\n\n<p><a href=\"https:\/\/support.mozilla.org\/es\/kb\/cookies-informacion-que-los-sitios-web-guardan-en-?esab=a&amp;s=cookies&amp;r=1&amp;as=s\" target=\"_blank\" rel=\"noreferrer noopener\">Firefox<\/a><br> <a href=\"https:\/\/support.google.com\/chrome\/answer\/95647?hl=es\" target=\"_blank\" rel=\"noreferrer noopener\">Chrome<\/a><br> <a href=\"http:\/\/support.apple.com\/kb\/ph5042\" target=\"_blank\" rel=\"noreferrer noopener\">Safari<\/a><br> <a href=\"http:\/\/windows.microsoft.com\/es-es\/windows7\/how-to-manage-cookies-in-internet-explorer-9\" target=\"_blank\" rel=\"noreferrer noopener\">Explorer<\/a><\/p>\n","protected":false},"excerpt":{"rendered":"<p>En IQS utilizamos cookies de anal\u00edtica web para medir y analizar la navegaci\u00f3n de los usuarios en nuestra p\u00e1gina web. Las cookies son peque\u00f1os archivos que se pueden instalar en los equipos inform\u00e1ticos a trav\u00e9s de las p\u00e1ginas web. Las cookies de anal\u00edtica son aqu\u00e9llas que, bien tratadas por IQS o por terceros, tienen la [&hellip;]<\/p>\n","protected":false},"author":1,"featured_media":0,"parent":0,"menu_order":0,"comment_status":"closed","ping_status":"closed","template":"","meta":{"inline_featured_image":false,"footnotes":""},"class_list":["post-5773","page","type-page","status-publish","hentry"],"_links":{"self":[{"href":"https:\/\/dreamitstemit.com\/es\/wp-json\/wp\/v2\/pages\/5773","targetHints":{"allow":["GET"]}}],"collection":[{"href":"https:\/\/dreamitstemit.com\/es\/wp-json\/wp\/v2\/pages"}],"about":[{"href":"https:\/\/dreamitstemit.com\/es\/wp-json\/wp\/v2\/types\/page"}],"author":[{"embeddable":true,"href":"https:\/\/dreamitstemit.com\/es\/wp-json\/wp\/v2\/users\/1"}],"replies":[{"embeddable":true,"href":"https:\/\/dreamitstemit.com\/es\/wp-json\/wp\/v2\/comments?post=5773"}],"version-history":[{"count":1,"href":"https:\/\/dreamitstemit.com\/es\/wp-json\/wp\/v2\/pages\/5773\/revisions"}],"predecessor-version":[{"id":74230,"href":"https:\/\/dreamitstemit.com\/es\/wp-json\/wp\/v2\/pages\/5773\/revisions\/74230"}],"wp:attachment":[{"href":"https:\/\/dreamitstemit.com\/es\/wp-json\/wp\/v2\/media?parent=5773"}],"curies":[{"name":"wp","href":"https:\/\/api.w.org\/{rel}","templated":true}]}}